{"id":716,"date":"2022-11-17T07:25:28","date_gmt":"2022-11-17T07:25:28","guid":{"rendered":"https:\/\/neu.imro.at\/?page_id=716"},"modified":"2022-11-23T11:58:35","modified_gmt":"2022-11-23T11:58:35","slug":"anlagenbau","status":"publish","type":"page","link":"https:\/\/www.imro.at\/?page_id=716","title":{"rendered":"Anlagenbau"},"content":{"rendered":"<p>[et_pb_section fb_built=&#8220;1&#8243; admin_label=&#8220;Header&#8220; _builder_version=&#8220;4.19.0&#8243; use_background_color_gradient=&#8220;on&#8220; background_color_gradient_stops=&#8220;rgba(237,240,0,0.34) 0%|rgba(237,240,0,0.15) 99%&#8220; background_color_gradient_overlays_image=&#8220;on&#8220; background_color_gradient_start=&#8220;rgba(0,19,46,0.6)&#8220; background_color_gradient_end=&#8220;rgba(0,19,46,0.6)&#8220; background_image=&#8220;https:\/\/www.imro.at\/wp-content\/uploads\/2022\/11\/HG-fuer-Leistungsseite.png&#8220; height_tablet=&#8220;198px&#8220; height_phone=&#8220;161px&#8220; height_last_edited=&#8220;on|phone&#8220; custom_padding=&#8220;||||false|false&#8220; locked=&#8220;off&#8220; global_colors_info=&#8220;{}&#8220;][et_pb_row _builder_version=&#8220;4.16&#8243; global_colors_info=&#8220;{}&#8220;][et_pb_column type=&#8220;4_4&#8243; _builder_version=&#8220;4.16&#8243; global_colors_info=&#8220;{}&#8220;][et_pb_text _builder_version=&#8220;4.19.0&#8243; header_font=&#8220;|900|||||||&#8220; header_text_align=&#8220;center&#8220; header_text_color=&#8220;#000000&#8243; header_font_size=&#8220;100px&#8220; background_layout=&#8220;dark&#8220; custom_margin=&#8220;||||false|false&#8220; header_font_size_tablet=&#8220;70px&#8220; header_font_size_phone=&#8220;41px&#8220; header_font_size_last_edited=&#8220;on|phone&#8220; global_colors_info=&#8220;{}&#8220;]<\/p>\n<h1>Anlagenbau<\/h1>\n<p>[\/et_pb_text][\/et_pb_column][\/et_pb_row][\/et_pb_section][et_pb_section fb_built=&#8220;1&#8243; _builder_version=&#8220;4.19.0&#8243; _module_preset=&#8220;default&#8220; background_color=&#8220;#edeff0&#8243; global_colors_info=&#8220;{}&#8220;][et_pb_row column_structure=&#8220;1_2,1_2&#8243; make_equal=&#8220;on&#8220; _builder_version=&#8220;4.19.0&#8243; _module_preset=&#8220;default&#8220; hover_enabled=&#8220;0&#8243; custom_css_main_element=&#8220;margin: auto&#8220; global_colors_info=&#8220;{}&#8220; background_color=&#8220;#FFFFFF&#8220; border_radii=&#8220;on|20px|20px|20px|20px&#8220; box_shadow_style=&#8220;preset1&#8243; sticky_enabled=&#8220;0&#8243; custom_padding=&#8220;|||20px|false|false&#8220;][et_pb_column type=&#8220;1_2&#8243; _builder_version=&#8220;4.19.0&#8243; _module_preset=&#8220;default&#8220; custom_css_main_element=&#8220;margin: auto&#8220; global_colors_info=&#8220;{}&#8220;][et_pb_image src=&#8220;https:\/\/www.imro.at\/wp-content\/uploads\/2022\/11\/image_industrieanlangen.jpeg&#8220; title_text=&#8220;image_industrieanlangen&#8220; _builder_version=&#8220;4.19.0&#8243; _module_preset=&#8220;default&#8220; global_colors_info=&#8220;{}&#8220;][\/et_pb_image][\/et_pb_column][et_pb_column type=&#8220;1_2&#8243; _builder_version=&#8220;4.19.0&#8243; _module_preset=&#8220;default&#8220; global_colors_info=&#8220;{}&#8220;][et_pb_blurb title=&#8220;ANLAGENBAU&#8220; _builder_version=&#8220;4.19.0&#8243; _module_preset=&#8220;default&#8220; header_level=&#8220;h2&#8243; header_font=&#8220;|800|||||||&#8220; background_color=&#8220;#FFFFFF&#8220; custom_padding=&#8220;20px|20px|20px|20px|true|true&#8220; custom_padding_tablet=&#8220;20px|20px|20px|20px|true|true&#8220; custom_padding_phone=&#8220;20px|20px|20px|20px|true|true&#8220; custom_padding_last_edited=&#8220;on|desktop&#8220; global_colors_info=&#8220;{}&#8220;]<\/p>\n<h4 class=\"ce_headline\"><strong>INDUSTRIEANLAGENBAU<\/strong><\/h4>\n<div class=\"ce_text referenzen_links block\">\n<p>Unser Spektrum im Bereich Industrieanlagenbau reicht von der Equipmentmontage jeglicher Art, Montage von Beh\u00e4ltern jeglicher Gr\u00f6\u00dfe sowie allen dazugeh\u00f6rigen Komponenten.<\/p>\n<p>Aufgrund unseres qualifizierten Personals und der n\u00f6tigen Erfahrung k\u00f6nnen wir einen reibungslosen Ablauf der uns \u00fcbertragenen Montaget\u00e4tigkeiten unter Einsatz von modernsten Ger\u00e4tschaften gew\u00e4hrleisten.<\/p>\n<p>Erfolgreiche Abwicklung der beauftragten Arbeiten und fachliche Kompetenz sind unser t\u00e4glich Brot und die erzielte Kundenzufriedenheit Best\u00e4tigung, auf dem richtigen Weg zu sein.<\/p>\n<\/div>\n<p>[\/et_pb_blurb][et_pb_blurb title=&#8220;UNSERE KERNKOMPETENZEN&#8220; _builder_version=&#8220;4.19.0&#8243; _module_preset=&#8220;default&#8220; header_font=&#8220;|700|||||||&#8220; background_color=&#8220;#FFFFFF&#8220; custom_padding=&#8220;20px|||20px|false|false&#8220; custom_padding_tablet=&#8220;20px|||20px|false|false&#8220; custom_padding_phone=&#8220;20px|||20px|false|false&#8220; custom_padding_last_edited=&#8220;on|desktop&#8220; global_colors_info=&#8220;{}&#8220;]<\/p>\n<ul>\n<li>Energiezentralen<\/li>\n<li>Industrieanlagen<\/li>\n<li>Umformerstationen<\/li>\n<li>Anlagen\u00fcbersiedelungen<\/li>\n<li>W\u00e4rmer\u00fcckgewinnungen<\/li>\n<li>Anlagenmontagen<\/li>\n<li>Wartung und Instandhaltung<\/li>\n<li>Regiemontagen<\/li>\n<\/ul>\n<p>[\/et_pb_blurb][\/et_pb_column][\/et_pb_row][et_pb_row column_structure=&#8220;1_2,1_2&#8243; use_custom_gutter=&#8220;on&#8220; make_equal=&#8220;on&#8220; _builder_version=&#8220;4.19.0&#8243; _module_preset=&#8220;default&#8220; hover_enabled=&#8220;0&#8243; global_colors_info=&#8220;{}&#8220; background_color=&#8220;#FFFFFF&#8220; sticky_enabled=&#8220;0&#8243; custom_margin=&#8220;20px||||false|false&#8220; custom_padding=&#8220;|||20px|false|false&#8220; box_shadow_style=&#8220;preset1&#8243; border_radii=&#8220;on|20px|20px|20px|20px&#8220;][et_pb_column type=&#8220;1_2&#8243; _builder_version=&#8220;4.19.0&#8243; _module_preset=&#8220;default&#8220; custom_css_main_element=&#8220;margin: auto&#8220; global_colors_info=&#8220;{}&#8220;][et_pb_image src=&#8220;https:\/\/www.imro.at\/wp-content\/uploads\/2022\/11\/image_rohrleitungsbau.jpeg&#8220; title_text=&#8220;image_rohrleitungsbau&#8220; _builder_version=&#8220;4.19.0&#8243; _module_preset=&#8220;default&#8220; global_colors_info=&#8220;{}&#8220;][\/et_pb_image][\/et_pb_column][et_pb_column type=&#8220;1_2&#8243; _builder_version=&#8220;4.19.0&#8243; _module_preset=&#8220;default&#8220; custom_css_main_element=&#8220;margin: auto;&#8220; global_colors_info=&#8220;{}&#8220; custom_css_main_element_last_edited=&#8220;off|desktop&#8220; custom_css_main_element_tablet=&#8220;margin: auto;&#8220;][et_pb_blurb title=&#8220;ROHRLEITUNGSBAU&#8220; _builder_version=&#8220;4.19.0&#8243; _module_preset=&#8220;default&#8220; header_level=&#8220;h3&#8243; header_font=&#8220;|800|||||||&#8220; background_color=&#8220;#FFFFFF&#8220; custom_padding=&#8220;20px|20px|20px|20px|true|true&#8220; custom_padding_tablet=&#8220;20px|20px|20px|20px|true|true&#8220; custom_padding_phone=&#8220;20px|20px|20px|20px|true|true&#8220; custom_padding_last_edited=&#8220;on|desktop&#8220; global_colors_info=&#8220;{}&#8220;]<\/p>\n<p>Unser Leistungsumfang im Bereich Rohrleitungsbau umfasst die Planung und Montage von Rohrleitungen s\u00e4mtlicher Rohrklassen, Abmessungen und Druckstufen.<\/p>\n<p>Dies beginnt bei der Beschaffung der Materialien \u00fcber die Vorfertigung und Montage bis hin zu Abnahmen durch T\u00dcV oder andere Pr\u00fcfanstalten und \u00dcbernahmen durch den Endkunden.<\/p>\n<p>Aufgrund unseres fachlich qualifizierten Personals ist ein normgerechter Einbau s\u00e4mtlicher Materialien unter Ber\u00fccksichtigung der schwei\u00dftechnischen Anforderungen unter h\u00f6chster Qualit\u00e4t gew\u00e4hrleistet.<\/p>\n<p>Die qualitative \u00dcberwachung s\u00e4mtlich g\u00fcltiger Richtlinien und Normen wird durch die Zertifizierung zum Schwei\u00dffachbetrieb gem. EN ISO 3834-2 sowie gem. DGRL 97\/23\/EG und EN1090 \u2013 1 sichergestellt.<\/p>\n<p>[\/et_pb_blurb][et_pb_blurb title=&#8220;UNSERE KERNKOMPETENZEN&#8220; _builder_version=&#8220;4.19.0&#8243; _module_preset=&#8220;default&#8220; header_font=&#8220;|700|||||||&#8220; background_color=&#8220;#FFFFFF&#8220; custom_padding=&#8220;20px|||20px|false|false&#8220; global_colors_info=&#8220;{}&#8220;]<\/p>\n<ul>\n<li>Industrierohrleitungsbau<\/li>\n<li>Dampfrohrleitungsbau<\/li>\n<li>Turbinenverrohrungen<\/li>\n<li>Rauchgasleitungen<\/li>\n<li>Gasrohrleitungsbau<\/li>\n<li>Wasserrohrleitungsbau<\/li>\n<li>Kunststoffleitungsbau<\/li>\n<li>Instandhaltung &amp; Reparaturen<\/li>\n<li>Umbauarbeit &amp; Adaptierung<\/li>\n<li><\/li>\n<\/ul>\n<p>[\/et_pb_blurb][\/et_pb_column][\/et_pb_row][\/et_pb_section]<\/p>\n","protected":false},"excerpt":{"rendered":"<p>AnlagenbauINDUSTRIEANLAGENBAU Unser Spektrum im Bereich Industrieanlagenbau reicht von der Equipmentmontage jeglicher Art, Montage von Beh\u00e4ltern jeglicher Gr\u00f6\u00dfe sowie allen dazugeh\u00f6rigen Komponenten. Aufgrund unseres qualifizierten Personals und der n\u00f6tigen Erfahrung k\u00f6nnen wir einen reibungslosen Ablauf der uns \u00fcbertragenen Montaget\u00e4tigkeiten unter Einsatz von modernsten Ger\u00e4tschaften gew\u00e4hrleisten. Erfolgreiche Abwicklung der beauftragten Arbeiten und fachliche Kompetenz sind unser t\u00e4glich [&hellip;]<\/p>\n","protected":false},"author":1,"featured_media":0,"parent":0,"menu_order":0,"comment_status":"closed","ping_status":"closed","template":"","meta":{"_et_pb_use_builder":"on","_et_pb_old_content":"","_et_gb_content_width":"","footnotes":""},"_links":{"self":[{"href":"https:\/\/www.imro.at\/index.php?rest_route=\/wp\/v2\/pages\/716"}],"collection":[{"href":"https:\/\/www.imro.at\/index.php?rest_route=\/wp\/v2\/pages"}],"about":[{"href":"https:\/\/www.imro.at\/index.php?rest_route=\/wp\/v2\/types\/page"}],"author":[{"embeddable":true,"href":"https:\/\/www.imro.at\/index.php?rest_route=\/wp\/v2\/users\/1"}],"replies":[{"embeddable":true,"href":"https:\/\/www.imro.at\/index.php?rest_route=%2Fwp%2Fv2%2Fcomments&post=716"}],"version-history":[{"count":8,"href":"https:\/\/www.imro.at\/index.php?rest_route=\/wp\/v2\/pages\/716\/revisions"}],"predecessor-version":[{"id":772,"href":"https:\/\/www.imro.at\/index.php?rest_route=\/wp\/v2\/pages\/716\/revisions\/772"}],"wp:attachment":[{"href":"https:\/\/www.imro.at\/index.php?rest_route=%2Fwp%2Fv2%2Fmedia&parent=716"}],"curies":[{"name":"wp","href":"https:\/\/api.w.org\/{rel}","templated":true}]}}