{"id":728,"date":"2022-11-17T08:18:20","date_gmt":"2022-11-17T08:18:20","guid":{"rendered":"https:\/\/neu.imro.at\/?page_id=728"},"modified":"2022-11-23T12:01:33","modified_gmt":"2022-11-23T12:01:33","slug":"fernwaerme-und-leitungsbau","status":"publish","type":"page","link":"https:\/\/www.imro.at\/?page_id=728","title":{"rendered":"Fernw\u00e4rme und Leitungsbau"},"content":{"rendered":"<p>[et_pb_section fb_built=&#8220;1&#8243; admin_label=&#8220;Header&#8220; _builder_version=&#8220;4.19.0&#8243; use_background_color_gradient=&#8220;on&#8220; background_color_gradient_stops=&#8220;rgba(237,240,0,0.34) 0%|rgba(237,240,0,0.15) 99%&#8220; background_color_gradient_overlays_image=&#8220;on&#8220; background_color_gradient_start=&#8220;rgba(0,19,46,0.6)&#8220; background_color_gradient_end=&#8220;rgba(0,19,46,0.6)&#8220; background_image=&#8220;https:\/\/www.imro.at\/wp-content\/uploads\/2022\/11\/HG-fuer-Leistungsseite.png&#8220; height_tablet=&#8220;198px&#8220; height_phone=&#8220;161px&#8220; height_last_edited=&#8220;on|phone&#8220; custom_padding=&#8220;||||false|false&#8220; locked=&#8220;off&#8220; global_colors_info=&#8220;{}&#8220;][et_pb_row _builder_version=&#8220;4.16&#8243; global_colors_info=&#8220;{}&#8220;][et_pb_column type=&#8220;4_4&#8243; _builder_version=&#8220;4.16&#8243; global_colors_info=&#8220;{}&#8220;][et_pb_text _builder_version=&#8220;4.19.0&#8243; header_font=&#8220;|900|||||||&#8220; header_text_align=&#8220;center&#8220; header_text_color=&#8220;#000000&#8243; header_font_size=&#8220;70px&#8220; background_layout=&#8220;dark&#8220; custom_margin=&#8220;||||false|false&#8220; header_font_size_tablet=&#8220;50px&#8220; header_font_size_phone=&#8220;26px&#8220; header_font_size_last_edited=&#8220;on|phone&#8220; global_colors_info=&#8220;{}&#8220;]<\/p>\n<h1>Fernw\u00e4rmeleitungsbau<\/h1>\n<p>[\/et_pb_text][\/et_pb_column][\/et_pb_row][\/et_pb_section][et_pb_section fb_built=&#8220;1&#8243; _builder_version=&#8220;4.19.0&#8243; _module_preset=&#8220;default&#8220; background_color=&#8220;#edeff0&#8243; global_colors_info=&#8220;{}&#8220;][et_pb_row column_structure=&#8220;1_2,1_2&#8243; make_equal=&#8220;on&#8220; _builder_version=&#8220;4.19.0&#8243; _module_preset=&#8220;default&#8220; hover_enabled=&#8220;0&#8243; custom_css_main_element=&#8220;margin: auto&#8220; global_colors_info=&#8220;{}&#8220; background_color=&#8220;#FFFFFF&#8220; custom_padding=&#8220;|||20px|false|false&#8220; border_radii=&#8220;on|20px|20px|20px|20px&#8220; box_shadow_style=&#8220;preset1&#8243; sticky_enabled=&#8220;0&#8243;][et_pb_column type=&#8220;1_2&#8243; _builder_version=&#8220;4.19.0&#8243; _module_preset=&#8220;default&#8220; custom_css_main_element=&#8220;margin: auto&#8220; global_colors_info=&#8220;{}&#8220;][et_pb_image src=&#8220;https:\/\/www.imro.at\/wp-content\/uploads\/2022\/11\/image_fernwaermeleitungsbau.jpeg&#8220; title_text=&#8220;image_fernwa\u0308rmeleitungsbau&#8220; _builder_version=&#8220;4.19.0&#8243; _module_preset=&#8220;default&#8220; global_colors_info=&#8220;{}&#8220;][\/et_pb_image][\/et_pb_column][et_pb_column type=&#8220;1_2&#8243; _builder_version=&#8220;4.19.0&#8243; _module_preset=&#8220;default&#8220; global_colors_info=&#8220;{}&#8220;][et_pb_blurb title=&#8220;FERNW\u00c4RME\u00adLEITUNGSBAU&#8220; _builder_version=&#8220;4.19.0&#8243; _module_preset=&#8220;default&#8220; header_level=&#8220;h2&#8243; header_font=&#8220;|800|||||||&#8220; background_color=&#8220;#FFFFFF&#8220; custom_padding=&#8220;20px|20px|20px|20px|true|true&#8220; custom_padding_tablet=&#8220;20px|20px|20px|20px|true|true&#8220; custom_padding_phone=&#8220;20px|20px|20px|20px|true|true&#8220; custom_padding_last_edited=&#8220;on|desktop&#8220; global_colors_info=&#8220;{}&#8220;]<\/p>\n<p>Eines unserer wichtigsten Standbeine ist die Errichtung von Fernw\u00e4rmeleitungssystemen und den dazugeh\u00f6rigen Anlagen. Die j\u00e4hrliche Verlegung von ca. 40\u2009\u2013\u200950 Kilometern Fernw\u00e4rmeleitungen spiegelt das Vertrauen unserer Kunden wider und best\u00e4tigt, dass wir hohe Qualit\u00e4t nachhaltig (ein-) bauen.<\/p>\n<p>Aufgrund der umfangreichen Fuhrpark- und Ger\u00e4teausstattung und des Einsatzes von eigens<br \/>geschulten Isoliertrupps punkten wir durch Qualit\u00e4t, Flexibilit\u00e4t und Termintreue.<\/p>\n<p>[\/et_pb_blurb][et_pb_blurb title=&#8220;UNSERE KERNKOMPETENZEN&#8220; _builder_version=&#8220;4.19.0&#8243; _module_preset=&#8220;default&#8220; header_font=&#8220;|700|||||||&#8220; background_color=&#8220;#FFFFFF&#8220; custom_padding=&#8220;20px|||20px|false|false&#8220; custom_padding_tablet=&#8220;20px|||20px|false|false&#8220; custom_padding_phone=&#8220;20px|||20px|false|false&#8220; custom_padding_last_edited=&#8220;on|desktop&#8220; global_colors_info=&#8220;{}&#8220;]<\/p>\n<ul>\n<li>\n<div class=\"ce_text referenzen_links block\">\n<ul>\n<li>Auslegung und Dimensionierung<\/li>\n<li>Netzplanung \u2013 Trassenplanung<\/li>\n<li>Rohrstatiken<\/li>\n<li>Rohrleitungssysteme und -netze<\/li>\n<li>W\u00e4rmetransportleitungen<\/li>\n<li>D\u00fckerungen<\/li>\n<li>Rohrbr\u00fccken<\/li>\n<li>Sanierung, Wartung, Instandhaltung<\/li>\n<\/ul>\n<\/div>\n<div class=\"ce_metamodel_content last block\">\n<div class=\"mmReferenzen\"><\/div>\n<\/div>\n<\/li>\n<\/ul>\n<p>[\/et_pb_blurb][\/et_pb_column][\/et_pb_row][\/et_pb_section]<\/p>\n","protected":false},"excerpt":{"rendered":"<p>Fernw\u00e4rmeleitungsbauEines unserer wichtigsten Standbeine ist die Errichtung von Fernw\u00e4rmeleitungssystemen und den dazugeh\u00f6rigen Anlagen. Die j\u00e4hrliche Verlegung von ca. 40\u2009\u2013\u200950 Kilometern Fernw\u00e4rmeleitungen spiegelt das Vertrauen unserer Kunden wider und best\u00e4tigt, dass wir hohe Qualit\u00e4t nachhaltig (ein-) bauen. Aufgrund der umfangreichen Fuhrpark- und Ger\u00e4teausstattung und des Einsatzes von eigensgeschulten Isoliertrupps punkten wir durch Qualit\u00e4t, Flexibilit\u00e4t und Termintreue. [&hellip;]<\/p>\n","protected":false},"author":1,"featured_media":0,"parent":0,"menu_order":0,"comment_status":"closed","ping_status":"closed","template":"","meta":{"_et_pb_use_builder":"on","_et_pb_old_content":"","_et_gb_content_width":"","footnotes":""},"_links":{"self":[{"href":"https:\/\/www.imro.at\/index.php?rest_route=\/wp\/v2\/pages\/728"}],"collection":[{"href":"https:\/\/www.imro.at\/index.php?rest_route=\/wp\/v2\/pages"}],"about":[{"href":"https:\/\/www.imro.at\/index.php?rest_route=\/wp\/v2\/types\/page"}],"author":[{"embeddable":true,"href":"https:\/\/www.imro.at\/index.php?rest_route=\/wp\/v2\/users\/1"}],"replies":[{"embeddable":true,"href":"https:\/\/www.imro.at\/index.php?rest_route=%2Fwp%2Fv2%2Fcomments&post=728"}],"version-history":[{"count":4,"href":"https:\/\/www.imro.at\/index.php?rest_route=\/wp\/v2\/pages\/728\/revisions"}],"predecessor-version":[{"id":774,"href":"https:\/\/www.imro.at\/index.php?rest_route=\/wp\/v2\/pages\/728\/revisions\/774"}],"wp:attachment":[{"href":"https:\/\/www.imro.at\/index.php?rest_route=%2Fwp%2Fv2%2Fmedia&parent=728"}],"curies":[{"name":"wp","href":"https:\/\/api.w.org\/{rel}","templated":true}]}}